{"id":2005,"date":"2024-01-30T12:06:42","date_gmt":"2024-01-30T15:06:42","guid":{"rendered":"https:\/\/airhosted.ch\/?page_id=2005"},"modified":"2025-12-17T17:18:16","modified_gmt":"2025-12-17T16:18:16","slug":"furkastr731","status":"publish","type":"page","link":"https:\/\/airhosted.ch\/de\/furkastr731\/","title":{"rendered":"Furkastr731"},"content":{"rendered":"<div data-elementor-type=\"wp-page\" data-elementor-id=\"2005\" class=\"elementor elementor-2005\" data-elementor-post-type=\"page\"> \t\t\t\t<div class=\"elementor-element elementor-element-70bd483 e-flex e-con-boxed wpr-particle-no wpr-jarallax-no wpr-parallax-no wpr-sticky-section-no e-con e-parent\" data-id=\"70bd483\" data-element_type=\"container\" data-settings=\"{&quot;_ob_use_container_extras&quot;:&quot;no&quot;,&quot;_ob_column_hoveranimator&quot;:&quot;no&quot;,&quot;_ob_glider_is_slider&quot;:&quot;no&quot;,&quot;_ob_column_has_pseudo&quot;:&quot;no&quot;}\"> \t\t\t\t\t<div class=\"e-con-inner\"> \t\t\t\t<div class=\"elementor-element elementor-element-9cf651b ob-harakiri-inherit ob-has-background-overlay elementor-widget elementor-widget-heading\" data-id=\"9cf651b\" data-element_type=\"widget\" data-settings=\"{&quot;_ob_use_harakiri&quot;:&quot;yes&quot;,&quot;_ob_harakiri_writing_mode&quot;:&quot;inherit&quot;,&quot;_ob_harakiri_text_clip&quot;:&quot;none&quot;,&quot;_ob_perspektive_use&quot;:&quot;no&quot;,&quot;_ob_poopart_use&quot;:&quot;yes&quot;,&quot;_ob_shadough_use&quot;:&quot;no&quot;,&quot;_ob_allow_hoveranimator&quot;:&quot;no&quot;,&quot;_ob_widget_stalker_use&quot;:&quot;no&quot;}\" data-widget_type=\"heading.default\"> \t\t\t\t<div class=\"elementor-widget-container\"> \t\t\t\t\t<h2 class=\"elementor-heading-title elementor-size-default\">H\u00fcbsche Dachgeschosswohnung im Herzen der Berge<\/h2>\t\t\t\t<\/div> \t\t\t\t<\/div> \t\t\t\t<div class=\"elementor-element elementor-element-eb3332d ob-has-background-overlay elementor-widget elementor-widget-image\" data-id=\"eb3332d\" data-element_type=\"widget\" data-settings=\"{&quot;_ob_photomorph_use&quot;:&quot;no&quot;,&quot;_ob_perspektive_use&quot;:&quot;no&quot;,&quot;_ob_poopart_use&quot;:&quot;yes&quot;,&quot;_ob_shadough_use&quot;:&quot;no&quot;,&quot;_ob_allow_hoveranimator&quot;:&quot;no&quot;,&quot;_ob_widget_stalker_use&quot;:&quot;no&quot;}\" data-widget_type=\"image.default\"> \t\t\t\t<div class=\"elementor-widget-container\"> \t\t\t\t\t\t\t\t\t\t\t\t\t\t\t<img fetchpriority=\"high\" decoding=\"async\" width=\"820\" height=\"515\" src=\"https:\/\/airhosted.ch\/wp-content\/uploads\/2024\/01\/Anfahrt.jpg\" class=\"attachment-full size-full wp-image-2007\" alt=\"\" srcset=\"https:\/\/airhosted.ch\/wp-content\/uploads\/2024\/01\/Anfahrt.jpg 820w, https:\/\/airhosted.ch\/wp-content\/uploads\/2024\/01\/Anfahrt-600x377.jpg 600w, https:\/\/airhosted.ch\/wp-content\/uploads\/2024\/01\/Anfahrt-300x188.jpg 300w, https:\/\/airhosted.ch\/wp-content\/uploads\/2024\/01\/Anfahrt-768x482.jpg 768w, https:\/\/airhosted.ch\/wp-content\/uploads\/2024\/01\/Anfahrt-18x12.jpg 18w\" sizes=\"(max-width: 820px) 100vw, 820px\" \/>\t\t\t\t\t\t\t\t\t\t\t\t\t\t\t<\/div> \t\t\t\t<\/div> \t\t\t\t<div class=\"elementor-element elementor-element-49417c9 ob-harakiri-inherit ob-has-background-overlay elementor-widget elementor-widget-text-editor\" data-id=\"49417c9\" data-element_type=\"widget\" data-settings=\"{&quot;_ob_use_harakiri&quot;:&quot;yes&quot;,&quot;_ob_harakiri_writing_mode&quot;:&quot;inherit&quot;,&quot;_ob_postman_use&quot;:&quot;no&quot;,&quot;_ob_perspektive_use&quot;:&quot;no&quot;,&quot;_ob_poopart_use&quot;:&quot;yes&quot;,&quot;_ob_shadough_use&quot;:&quot;no&quot;,&quot;_ob_allow_hoveranimator&quot;:&quot;no&quot;,&quot;_ob_widget_stalker_use&quot;:&quot;no&quot;}\" data-widget_type=\"text-editor.default\"> \t\t\t\t<div class=\"elementor-widget-container\"> \t\t\t\t\t\t\t\t\t<p>Die Wohnung befindet sich im Haus A und im dritten Stock. Wenn Sie mit dem Auto kommen, k\u00f6nnen Sie in die Tiefgarage einfahren. Diese befindet sich im selben Geb\u00e4ude wie das Hotel Landhaus. Bitte folgen Sie der Nummer 47.<br \/><br \/>Es gibt zwei Eing\u00e4nge, f\u00fcr Nummer 47 nehmen Sie die linke Garageneinfahrt. Danach k\u00f6nnen Sie das Haus A unterirdisch betreten. Folgen Sie den Schildern 'Haus A'. Da sich die Wohnung in Haus A ganz links befindet, m\u00fcssen Sie die Treppe von Haus A wechseln, wenn Sie direkt aus der Garage kommen.<br \/><br \/>Um die Wohnung zu betreten, m\u00fcssen Sie den Schl\u00fcssel aus einem Schlie\u00dffach in der Tiefgarage holen: Hinter der S\u00e4ule am Garagenplatz Nummer 47. Es gibt zwei Eing\u00e4nge, f\u00fcr Nummer 47 nehmen Sie den linken Garageneingang. Sie hat auch eine T\u00fcr im Garagentor. Die Wohnungst\u00fcr ist mit dem Schild \"Axel Schulze\" gekennzeichnet.<\/p>\t\t\t\t\t\t\t\t<\/div> \t\t\t\t<\/div> \t\t\t\t\t<\/div> \t\t\t\t<\/div> \t\t\t\t<\/div>","protected":false},"excerpt":{"rendered":"<p>H\u00fcbsche Dachgeschosswohnung im Herzen der Berge Die Wohnung befindet sich im Haus A und im dritten Stock. Wenn Sie mit dem Auto kommen, k\u00f6nnen Sie in die Tiefgarage einfahren. Diese befindet sich im selben Geb\u00e4ude wie das Hotel Landhaus. Bitte folgen Sie der Nummer 47. Es gibt zwei Eing\u00e4nge, f\u00fcr die Nummer 47 nehmen Sie die linke Garageneinfahrt. Danach k\u00f6nnen Sie in das unterirdische Haus A einfahren. Folgen Sie den Schildern 'Haus A'. Da sich die Wohnung in Haus A ganz links befindet, m\u00fcssen Sie, wenn Sie direkt aus der Garage kommen, das Treppenhaus von Haus A wechseln. Um die Wohnung zu betreten, m\u00fcssen Sie den Schl\u00fcssel aus einem Schlie\u00dffach in der Tiefgarage holen: Hinter dem Pfeiler am Garagenplatz Nummer 47. Es gibt zwei Eing\u00e4nge, f\u00fcr Nummer 47 nehmen Sie den linken Garageneingang. Sie hat auch eine T\u00fcr im Garagentor. Die Wohnungst\u00fcr ist mit dem Schild \"Axel Schulze\" gekennzeichnet.<\/p>","protected":false},"author":1,"featured_media":0,"parent":0,"menu_order":0,"comment_status":"closed","ping_status":"closed","template":"elementor_header_footer","meta":{"site-sidebar-layout":"no-sidebar","site-content-layout":"","ast-site-content-layout":"full-width-container","site-content-style":"default","site-sidebar-style":"default","ast-global-header-display":"","ast-banner-title-visibility":"","ast-main-header-display":"","ast-hfb-above-header-display":"","ast-hfb-below-header-display":"","ast-hfb-mobile-header-display":"","site-post-title":"disabled","ast-breadcrumbs-content":"","ast-featured-img":"disabled","footer-sml-layout":"","theme-transparent-header-meta":"default","adv-header-id-meta":"","stick-header-meta":"default","header-above-stick-meta":"","header-main-stick-meta":"","header-below-stick-meta":"","astra-migrate-meta-layouts":"set","ast-page-background-enabled":"default","ast-page-background-meta":{"desktop":{"background-color":"var(--ast-global-color-4)","background-image":"","background-repeat":"repeat","background-position":"center center","background-size":"auto","background-attachment":"scroll","background-type":"","background-media":"","overlay-type":"","overlay-color":"","overlay-opacity":"","overlay-gradient":""},"tablet":{"background-color":"","background-image":"","background-repeat":"repeat","background-position":"center center","background-size":"auto","background-attachment":"scroll","background-type":"","background-media":"","overlay-type":"","overlay-color":"","overlay-opacity":"","overlay-gradient":""},"mobile":{"background-color":"","background-image":"","background-repeat":"repeat","background-position":"center center","background-size":"auto","background-attachment":"scroll","background-type":"","background-media":"","overlay-type":"","overlay-color":"","overlay-opacity":"","overlay-gradient":""}},"ast-content-background-meta":{"desktop":{"background-color":"var(--ast-global-color-5)","background-image":"","background-repeat":"repeat","background-position":"center center","background-size":"auto","background-attachment":"scroll","background-type":"","background-media":"","overlay-type":"","overlay-color":"","overlay-opacity":"","overlay-gradient":""},"tablet":{"background-color":"var(--ast-global-color-5)","background-image":"","background-repeat":"repeat","background-position":"center center","background-size":"auto","background-attachment":"scroll","background-type":"","background-media":"","overlay-type":"","overlay-color":"","overlay-opacity":"","overlay-gradient":""},"mobile":{"background-color":"var(--ast-global-color-5)","background-image":"","background-repeat":"repeat","background-position":"center center","background-size":"auto","background-attachment":"scroll","background-type":"","background-media":"","overlay-type":"","overlay-color":"","overlay-opacity":"","overlay-gradient":""}},"_breakdance_hide_in_design_set":false,"_breakdance_tags":"","footnotes":""},"class_list":["post-2005","page","type-page","status-publish","hentry"],"yoast_head":"<!-- This site is optimized with the Yoast SEO plugin v24.7 - https:\/\/yoast.com\/wordpress\/plugins\/seo\/ -->\n<title>Furkastr731 - Airhosted<\/title>\n<meta name=\"robots\" content=\"noindex, nofollow\" \/>\n<meta property=\"og:locale\" content=\"de_DE\" \/>\n<meta property=\"og:type\" content=\"article\" \/>\n<meta property=\"og:title\" content=\"Furkastr731 - Airhosted\" \/>\n<meta property=\"og:description\" content=\"Cute attic apartment in the heart of the mountains The apartment is located in house A and on the third floor. If you come by car, you can enter the underground garage. This is located in the same building as the Hotel Landhaus. Please follow the number 47. There are two entrances, for number 47 take the left garage entrance. Afterwards you can enter house A underground. Follow the signs &#8216;Haus A&#8217;. Since the apartment in House A is on the far left, you will have to change the staircase from House A if you are coming directly from the garage. To enter the apartment, you will need to get the key from a lockbox in the underground garage: Behind pillar at garage space number 47. There are two entrances, for number 47 take the left garage entrance. It also has a door in the garage door. The apartment door is marked with the sign &#8220;Axel Schulze&#8221;.\" \/>\n<meta property=\"og:url\" content=\"https:\/\/airhosted.ch\/de\/furkastr731\/\" \/>\n<meta property=\"og:site_name\" content=\"Airhosted\" \/>\n<meta property=\"article:modified_time\" content=\"2025-12-17T16:18:16+00:00\" \/>\n<meta property=\"og:image\" content=\"https:\/\/airhosted.ch\/wp-content\/uploads\/2024\/01\/Anfahrt.jpg\" \/>\n<meta name=\"twitter:card\" content=\"summary_large_image\" \/>\n<meta name=\"twitter:label1\" content=\"Gesch\u00e4tzte Lesezeit\" \/>\n\t<meta name=\"twitter:data1\" content=\"1\u00a0Minute\" \/>\n<script type=\"application\/ld+json\" class=\"yoast-schema-graph\">{\"@context\":\"https:\/\/schema.org\",\"@graph\":[{\"@type\":\"WebPage\",\"@id\":\"https:\/\/airhosted.ch\/furkastr731\/\",\"url\":\"https:\/\/airhosted.ch\/furkastr731\/\",\"name\":\"Furkastr731 - Airhosted\",\"isPartOf\":{\"@id\":\"https:\/\/airhosted.ch\/#website\"},\"primaryImageOfPage\":{\"@id\":\"https:\/\/airhosted.ch\/furkastr731\/#primaryimage\"},\"image\":{\"@id\":\"https:\/\/airhosted.ch\/furkastr731\/#primaryimage\"},\"thumbnailUrl\":\"https:\/\/airhosted.ch\/wp-content\/uploads\/2024\/01\/Anfahrt.jpg\",\"datePublished\":\"2024-01-30T15:06:42+00:00\",\"dateModified\":\"2025-12-17T16:18:16+00:00\",\"breadcrumb\":{\"@id\":\"https:\/\/airhosted.ch\/furkastr731\/#breadcrumb\"},\"inLanguage\":\"de\",\"potentialAction\":[{\"@type\":\"ReadAction\",\"target\":[\"https:\/\/airhosted.ch\/furkastr731\/\"]}]},{\"@type\":\"ImageObject\",\"inLanguage\":\"de\",\"@id\":\"https:\/\/airhosted.ch\/furkastr731\/#primaryimage\",\"url\":\"https:\/\/airhosted.ch\/wp-content\/uploads\/2024\/01\/Anfahrt.jpg\",\"contentUrl\":\"https:\/\/airhosted.ch\/wp-content\/uploads\/2024\/01\/Anfahrt.jpg\"},{\"@type\":\"BreadcrumbList\",\"@id\":\"https:\/\/airhosted.ch\/furkastr731\/#breadcrumb\",\"itemListElement\":[{\"@type\":\"ListItem\",\"position\":1,\"name\":\"Home\",\"item\":\"https:\/\/airhosted.ch\/en\/\"},{\"@type\":\"ListItem\",\"position\":2,\"name\":\"Furkastr731\"}]},{\"@type\":\"WebSite\",\"@id\":\"https:\/\/airhosted.ch\/#website\",\"url\":\"https:\/\/airhosted.ch\/\",\"name\":\"Airhosted\",\"description\":\"Home Sharing Made Easy\",\"publisher\":{\"@id\":\"https:\/\/airhosted.ch\/#organization\"},\"potentialAction\":[{\"@type\":\"SearchAction\",\"target\":{\"@type\":\"EntryPoint\",\"urlTemplate\":\"https:\/\/airhosted.ch\/?s={search_term_string}\"},\"query-input\":{\"@type\":\"PropertyValueSpecification\",\"valueRequired\":true,\"valueName\":\"search_term_string\"}}],\"inLanguage\":\"de\"},{\"@type\":\"Organization\",\"@id\":\"https:\/\/airhosted.ch\/#organization\",\"name\":\"Airhosted\",\"url\":\"https:\/\/airhosted.ch\/\",\"logo\":{\"@type\":\"ImageObject\",\"inLanguage\":\"de\",\"@id\":\"https:\/\/airhosted.ch\/#\/schema\/logo\/image\/\",\"url\":\"https:\/\/airhosted.ch\/wp-content\/uploads\/2023\/12\/cropped-AH-sAL-004bbf-1.webp\",\"contentUrl\":\"https:\/\/airhosted.ch\/wp-content\/uploads\/2023\/12\/cropped-AH-sAL-004bbf-1.webp\",\"width\":323,\"height\":60,\"caption\":\"Airhosted\"},\"image\":{\"@id\":\"https:\/\/airhosted.ch\/#\/schema\/logo\/image\/\"}}]}<\/script>\n<!-- \/ Yoast SEO plugin. -->","yoast_head_json":{"title":"Furkastr731 - Airhosted","robots":{"index":"noindex","follow":"nofollow"},"og_locale":"de_DE","og_type":"article","og_title":"Furkastr731 - Airhosted","og_description":"Cute attic apartment in the heart of the mountains The apartment is located in house A and on the third floor. If you come by car, you can enter the underground garage. This is located in the same building as the Hotel Landhaus. Please follow the number 47. There are two entrances, for number 47 take the left garage entrance. Afterwards you can enter house A underground. Follow the signs &#8216;Haus A&#8217;. Since the apartment in House A is on the far left, you will have to change the staircase from House A if you are coming directly from the garage. To enter the apartment, you will need to get the key from a lockbox in the underground garage: Behind pillar at garage space number 47. There are two entrances, for number 47 take the left garage entrance. It also has a door in the garage door. The apartment door is marked with the sign &#8220;Axel Schulze&#8221;.","og_url":"https:\/\/airhosted.ch\/de\/furkastr731\/","og_site_name":"Airhosted","article_modified_time":"2025-12-17T16:18:16+00:00","og_image":[{"url":"https:\/\/airhosted.ch\/wp-content\/uploads\/2024\/01\/Anfahrt.jpg","type":"","width":"","height":""}],"twitter_card":"summary_large_image","twitter_misc":{"Gesch\u00e4tzte Lesezeit":"1\u00a0Minute"},"schema":{"@context":"https:\/\/schema.org","@graph":[{"@type":"WebPage","@id":"https:\/\/airhosted.ch\/furkastr731\/","url":"https:\/\/airhosted.ch\/furkastr731\/","name":"Furkastr731 - Airhosted","isPartOf":{"@id":"https:\/\/airhosted.ch\/#website"},"primaryImageOfPage":{"@id":"https:\/\/airhosted.ch\/furkastr731\/#primaryimage"},"image":{"@id":"https:\/\/airhosted.ch\/furkastr731\/#primaryimage"},"thumbnailUrl":"https:\/\/airhosted.ch\/wp-content\/uploads\/2024\/01\/Anfahrt.jpg","datePublished":"2024-01-30T15:06:42+00:00","dateModified":"2025-12-17T16:18:16+00:00","breadcrumb":{"@id":"https:\/\/airhosted.ch\/furkastr731\/#breadcrumb"},"inLanguage":"de","potentialAction":[{"@type":"ReadAction","target":["https:\/\/airhosted.ch\/furkastr731\/"]}]},{"@type":"ImageObject","inLanguage":"de","@id":"https:\/\/airhosted.ch\/furkastr731\/#primaryimage","url":"https:\/\/airhosted.ch\/wp-content\/uploads\/2024\/01\/Anfahrt.jpg","contentUrl":"https:\/\/airhosted.ch\/wp-content\/uploads\/2024\/01\/Anfahrt.jpg"},{"@type":"BreadcrumbList","@id":"https:\/\/airhosted.ch\/furkastr731\/#breadcrumb","itemListElement":[{"@type":"ListItem","position":1,"name":"Home","item":"https:\/\/airhosted.ch\/en\/"},{"@type":"ListItem","position":2,"name":"Furkastr731"}]},{"@type":"WebSite","@id":"https:\/\/airhosted.ch\/#website","url":"https:\/\/airhosted.ch\/","name":"Airhosted","description":"Home Sharing Made Easy","publisher":{"@id":"https:\/\/airhosted.ch\/#organization"},"potentialAction":[{"@type":"SearchAction","target":{"@type":"EntryPoint","urlTemplate":"https:\/\/airhosted.ch\/?s={search_term_string}"},"query-input":{"@type":"PropertyValueSpecification","valueRequired":true,"valueName":"search_term_string"}}],"inLanguage":"de"},{"@type":"Organization","@id":"https:\/\/airhosted.ch\/#organization","name":"Airhosted","url":"https:\/\/airhosted.ch\/","logo":{"@type":"ImageObject","inLanguage":"de","@id":"https:\/\/airhosted.ch\/#\/schema\/logo\/image\/","url":"https:\/\/airhosted.ch\/wp-content\/uploads\/2023\/12\/cropped-AH-sAL-004bbf-1.webp","contentUrl":"https:\/\/airhosted.ch\/wp-content\/uploads\/2023\/12\/cropped-AH-sAL-004bbf-1.webp","width":323,"height":60,"caption":"Airhosted"},"image":{"@id":"https:\/\/airhosted.ch\/#\/schema\/logo\/image\/"}}]}},"_links":{"self":[{"href":"https:\/\/airhosted.ch\/de\/wp-json\/wp\/v2\/pages\/2005","targetHints":{"allow":["GET"]}}],"collection":[{"href":"https:\/\/airhosted.ch\/de\/wp-json\/wp\/v2\/pages"}],"about":[{"href":"https:\/\/airhosted.ch\/de\/wp-json\/wp\/v2\/types\/page"}],"author":[{"embeddable":true,"href":"https:\/\/airhosted.ch\/de\/wp-json\/wp\/v2\/users\/1"}],"replies":[{"embeddable":true,"href":"https:\/\/airhosted.ch\/de\/wp-json\/wp\/v2\/comments?post=2005"}],"version-history":[{"count":8,"href":"https:\/\/airhosted.ch\/de\/wp-json\/wp\/v2\/pages\/2005\/revisions"}],"predecessor-version":[{"id":5198,"href":"https:\/\/airhosted.ch\/de\/wp-json\/wp\/v2\/pages\/2005\/revisions\/5198"}],"wp:attachment":[{"href":"https:\/\/airhosted.ch\/de\/wp-json\/wp\/v2\/media?parent=2005"}],"curies":[{"name":"wp","href":"https:\/\/api.w.org\/{rel}","templated":true}]}}